{"id":52,"date":"2015-06-17T13:34:29","date_gmt":"2015-06-17T19:34:29","guid":{"rendered":"http:\/\/rilco.org.mx\/5congreso\/?page_id=52"},"modified":"2015-09-20T09:45:29","modified_gmt":"2015-09-20T15:45:29","slug":"2-requisitos-de-participacion","status":"publish","type":"page","link":"https:\/\/rilco.org\/5congreso\/","title":{"rendered":"2. Requisitos de Participaci\u00f3n"},"content":{"rendered":"2.1 Se deber\u00e1n enviar las ponencias completas a la direcci\u00f3n de correo electr\u00f3nico: caaoe@hotmail.com, teniendo \u00a0 \u00a0 \u00a0 \u00a0 \u00a0 \u00a0 como fecha l\u00edmite el 30 de septiembre de 2015 para su incorporaci\u00f3n en la memoria arbitrada con ISBN del \u00a0 \u00a0 \u00a0 \u00a0 \u00a0 \u00a0 \u00a0 \u00a0 \u00a0 evento.\r\n\r\n<strong>2.2 Las ponencias deben contener la siguiente informaci\u00f3n:<\/strong>\r\n\r\n<strong>Caratula:<\/strong> Que especifique el t\u00edtulo de la ponencia (en negrita), mesa de trabajo en la que se participa, si es un trabajo concluido o si est\u00e1 en proceso de elaboraci\u00f3n, los siguientes datos del autor o autores:\r\n<ul>\r\n\t<li>Nombre completo (M\u00e1ximo tres, se tomar\u00e1 el primer nombre como primer autor)<\/li>\r\n\t<li>M\u00e1ximo grado acad\u00e9mico<\/li>\r\n\t<li>Correo electr\u00f3nico (al que se le har\u00e1 llegar toda la informaci\u00f3n correspondiente al congreso)<\/li>\r\n\t<li>Instituci\u00f3n de procedencia y direcci\u00f3n.<\/li>\r\n\t<li><strong>Resumen en ingl\u00e9s y espa\u00f1ol, ambos con palabras clave y en la hoja de la\u00a0caratula, considerando las\u00a0siguientes observaciones:<\/strong>\r\n<ul>\r\n\t<li>Extensi\u00f3n m\u00e1xima: 300 palabras<\/li>\r\n\t<li>Incluir hasta 5 palabras clave del tema<\/li>\r\n<\/ul>\r\n<\/li>\r\n<\/ul>\r\n<strong>Cuerpo del documento:<\/strong> Introducci\u00f3n, metodolog\u00eda, desarrollo del tema, conclusiones y referencias bibliogr\u00e1ficas.\r\n<strong>Para participar<\/strong> los trabajos se enviar\u00e1n en paquete Word:\r\n<ul>\r\n\t<li>Tama\u00f1o carta<\/li>\r\n\t<li>Letra Times New Roman 12<\/li>\r\n\t<li>M\u00e1rgenes normales<\/li>\r\n\t<li>Interlineado de 1.5<\/li>\r\n<\/ul>\r\nCon una extensi\u00f3n de 8 a 15 cuartillas considerando car\u00e1tula, referencias, cuadros y gr\u00e1ficas. Se debe emplear la forma APA para las citas y referencias bibliogr\u00e1ficas.\r\nLas cartas de aceptaci\u00f3n ser\u00e1n enviadas a los correos que aparezcan en la portada de la ponencia el d\u00eda 16 de octubre de 2015.\r\nCualquier duda o aclaraci\u00f3n a trav\u00e9s del correo electr\u00f3nico: caaoe@hotmail.com\r\n\r\n&nbsp;\r\n\r\n&nbsp;","protected":false},"excerpt":{"rendered":"<p>2.1 Se deber\u00e1n enviar las ponencias completas a la direcci\u00f3n de correo electr\u00f3nico: caaoe@hotmail.com, teniendo \u00a0 \u00a0 \u00a0 \u00a0 \u00a0 \u00a0 como fecha l\u00edmite el 30 de septiembre de 2015 para su incorporaci\u00f3n en la memoria arbitrada con ISBN del \u00a0 \u00a0 \u00a0 \u00a0 \u00a0 \u00a0 \u00a0 \u00a0 \u00a0 evento. 2.2 Las ponencias deben contener [&hellip;]<\/p>\n","protected":false},"author":1,"featured_media":0,"parent":0,"menu_order":0,"comment_status":"closed","ping_status":"closed","template":"","meta":[],"_links":{"self":[{"href":"https:\/\/rilco.org\/5congreso\/index.php\/wp-json\/wp\/v2\/pages\/52"}],"collection":[{"href":"https:\/\/rilco.org\/5congreso\/index.php\/wp-json\/wp\/v2\/pages"}],"about":[{"href":"https:\/\/rilco.org\/5congreso\/index.php\/wp-json\/wp\/v2\/types\/page"}],"author":[{"embeddable":true,"href":"https:\/\/rilco.org\/5congreso\/index.php\/wp-json\/wp\/v2\/users\/1"}],"replies":[{"embeddable":true,"href":"https:\/\/rilco.org\/5congreso\/index.php\/wp-json\/wp\/v2\/comments?post=52"}],"version-history":[{"count":2,"href":"https:\/\/rilco.org\/5congreso\/index.php\/wp-json\/wp\/v2\/pages\/52\/revisions"}],"predecessor-version":[{"id":89,"href":"https:\/\/rilco.org\/5congreso\/index.php\/wp-json\/wp\/v2\/pages\/52\/revisions\/89"}],"wp:attachment":[{"href":"https:\/\/rilco.org\/5congreso\/index.php\/wp-json\/wp\/v2\/media?parent=52"}],"curies":[{"name":"wp","href":"https:\/\/api.w.org\/{rel}","templated":true}]}}