{"id":4428,"date":"2022-03-26T05:28:43","date_gmt":"2022-03-26T05:28:43","guid":{"rendered":"https:\/\/rilco.org\/15congreso\/?page_id=4428"},"modified":"2025-10-28T14:03:48","modified_gmt":"2025-10-28T14:03:48","slug":"registro-de-resumen","status":"publish","type":"page","link":"https:\/\/rilco.org\/15congreso\/","title":{"rendered":"Informaci\u00f3n"},"content":{"rendered":"<p style=\"text-align: center;\"><div class=\"omsc-toggle omsc-expanded\"><div class=\"omsc-toggle-title\">SUBIR COMPROBANTE DE PAGO<\/div><div class=\"omsc-toggle-inner\" style=\"display:block\"><\/p>\n<p style=\"text-align: center;\"><table class=\"omsc-custom-table omsc-style-1\"><tr><th><\/p>\n<h2 style=\"text-align: left;\">Subir su comprobante de pago<\/h2>\n<p style=\"text-align: center;\"><a class=\"omsc-button omsc-custom-hover omsc-size-large omsc-style-emboss omsc-text-dark\" href=\"https:\/\/rilco.org\/15Congreso\/sistema\/LoginSubirPago.php\" style=\"background-color:#b09172;border-color:#b09172;color:#5b5b5b\" data-hover-bg-color=\"#e8e8e8\" data-hover-border-color=\"#e8e8e8\">Comprobante de pago<\/a><\/th><\/tr><\/table><\/p>\n<p style=\"text-align: center;\"><\/div><\/div><\/p>\n<p style=\"text-align: center;\"><div class=\"omsc-toggle omsc-expanded\"><div class=\"omsc-toggle-title\">DESCARGAR CONSTANCIA DE PONENTE Y ASISTENTE<\/div><div class=\"omsc-toggle-inner\" style=\"display:block\"><\/p>\n<h1 style=\"text-align: center;\">Para descargar tu constancia, es importante que hayas subido previamente tu comprobante de pago.<\/h1>\n<p style=\"text-align: center;\">Si despu\u00e9s de subir tu pago sigues sin poder descargar tu constancia, enviar correo a: rilco2019@gmail.com<\/p>\n<p style=\"text-align: center;\"><table class=\"omsc-custom-table omsc-style-1\"><tr><th><\/p>\n<p style=\"text-align: center;\"><a class=\"omsc-button omsc-custom-hover omsc-size-large omsc-style-emboss omsc-text-dark\" href=\"https:\/\/www.rilco.org\/15Congreso\/sistema\/ponente.php\" style=\"background-color:#b09172;border-color:#b09172;color:#5b5b5b\" data-hover-bg-color=\"#e8e8e8\" data-hover-border-color=\"#e8e8e8\">Constancia Ponente<\/a><\/p>\n<p style=\"text-align: center;\"><a class=\"omsc-button omsc-custom-hover omsc-size-large omsc-style-emboss omsc-text-dark\" href=\"https:\/\/www.rilco.org\/15Congreso\/sistema\/asistente.php\" style=\"background-color:#b09172;border-color:#b09172;color:#5b5b5b\" data-hover-bg-color=\"#e8e8e8\" data-hover-border-color=\"#e8e8e8\">Constancia Asistente<\/a><\/p>\n<p style=\"text-align: center;\"><\/th><\/tr><\/table><\/p>\n<p style=\"text-align: center;\"><\/div><\/div><\/p>\n<p style=\"text-align: center;\">\n<p style=\"text-align: center;\"><div class=\"omsc-toggle\"><div class=\"omsc-toggle-title\">REGISTRO DE RESUMEN<\/div><div class=\"omsc-toggle-inner\"><\/p>\n<p style=\"text-align: center;\"><table class=\"omsc-custom-table omsc-style-1\"><tr><th><\/p>\n<p style=\"text-align: center;\"><a class=\"omsc-button omsc-custom-hover omsc-size-large omsc-style-emboss omsc-text-dark\" href=\"http:\/\/rilco.org\/15Congreso\/sistema\/index.php\" style=\"background-color:#b09172;border-color:#b09172;color:#5b5b5b\" data-hover-bg-color=\"#e8e8e8\" data-hover-border-color=\"#e8e8e8\">Registrar Resumen<\/a><\/th><\/tr><\/table><\/p>\n<p style=\"text-align: center;\"><\/div><\/div><\/p>\n<p style=\"text-align: center;\"><div class=\"omsc-toggle\"><div class=\"omsc-toggle-title\">CARTA DE ACEPTACI\u00d3N DE RESUMEN<\/div><div class=\"omsc-toggle-inner\"><\/p>\n<p style=\"text-align: center;\"><table class=\"omsc-custom-table omsc-style-1\"><tr><th><\/p>\n<p style=\"text-align: center;\"><a class=\"omsc-button omsc-custom-hover omsc-size-large omsc-style-emboss omsc-text-dark\" href=\"https:\/\/www.rilco.org\/15Congreso\/sistema\/LoginResumenResultado.php\" style=\"background-color:#b09172;border-color:#b09172;color:#5b5b5b\" data-hover-bg-color=\"#e8e8e8\" data-hover-border-color=\"#e8e8e8\">Descargar<\/a><\/th><\/tr><\/table><\/p>\n<p style=\"text-align: center;\"><\/div><\/div><\/p>\n<p style=\"text-align: center;\"><div class=\"omsc-toggle\"><div class=\"omsc-toggle-title\">SUBIR EXTENSO<\/div><div class=\"omsc-toggle-inner\"><\/p>\n<p style=\"text-align: center;\"><table class=\"omsc-custom-table omsc-style-1\"><tr><th><\/p>\n<h2><strong>IMPORTANTE<\/strong>. Antes de subir su Extenso, verifique que cumpla con la estructura solicitada en la convocatoria. (Punto 2. Requisitos de participaci\u00f3n), puedes utilizar la plantilla de Word.\u00a0<a href=\"https:\/\/www.rilco.org\/14congreso\/wp-content\/uploads\/2023\/07\/PlantillaArticulosRILCO.docx\">DESCARGAR PLANTILLA WORD<\/a><\/h2>\n<p style=\"text-align: center;\"><a class=\"omsc-button omsc-custom-hover omsc-size-large omsc-style-emboss omsc-text-dark\" href=\"https:\/\/rilco.org\/15Congreso\/sistema\/LoginSubirExtenso.php\" style=\"background-color:#b09172;border-color:#b09172;color:#5b5b5b\" data-hover-bg-color=\"#e8e8e8\" data-hover-border-color=\"#e8e8e8\">Subir Extenso<\/a><\/th><\/tr><\/table><\/p>\n<p style=\"text-align: center;\"><\/div><\/div><\/p>\n<p style=\"text-align: center;\"><div class=\"omsc-toggle omsc-expanded\"><div class=\"omsc-toggle-title\">CARTA DE ACEPTACI\u00d3N DE EXTENSO<\/div><div class=\"omsc-toggle-inner\" style=\"display:block\"><\/p>\n<p style=\"text-align: center;\"><table class=\"omsc-custom-table omsc-style-1\"><tr><th><\/p>\n<h2 style=\"text-align: left;\"><strong>IMPORTANTE<\/strong>. Usted podr\u00e1 descargar su carta de aprobaci\u00f3n de extenso en cuanto los dos pares ciegos hayan concluido la revisi\u00f3n<\/h2>\n<p style=\"text-align: center;\"><a class=\"omsc-button omsc-custom-hover omsc-size-large omsc-style-emboss omsc-text-dark\" href=\"https:\/\/rilco.org\/15Congreso\/sistema\/LoginCarta.php\" style=\"background-color:#b09172;border-color:#b09172;color:#5b5b5b\" data-hover-bg-color=\"#e8e8e8\" data-hover-border-color=\"#e8e8e8\">Carta de Aceptaci\u00f3n<\/a><\/th><\/tr><\/table><\/p>\n<p style=\"text-align: center;\"><\/div><\/div><\/p>\n<p style=\"text-align: center;\">\n<h1 style=\"text-align: center;\"><a href=\"https:\/\/rilco.org\/15congreso\/wp-content\/uploads\/2025\/10\/Progr15CongrRILCO.pdf\"><span style=\"color: #8f8356;\">Programa del EVENTO<\/span><\/a><\/h1>\n<h2 style=\"text-align: center;\"><a href=\"https:\/\/rilco.org\/15congreso\/wp-content\/uploads\/2025\/10\/Progr15CongrRILCO.pdf\"><img loading=\"lazy\" decoding=\"async\" class=\"alignnone  wp-image-4852\" src=\"https:\/\/rilco.org\/15congreso\/wp-content\/uploads\/2025\/10\/Portada-programa.png\" alt=\"\" width=\"240\" height=\"317\" srcset=\"https:\/\/rilco.org\/15congreso\/wp-content\/uploads\/2025\/10\/Portada-programa.png 530w, https:\/\/rilco.org\/15congreso\/wp-content\/uploads\/2025\/10\/Portada-programa-227x300.png 227w\" sizes=\"auto, (max-width: 240px) 100vw, 240px\" \/><\/a><\/h2>\n<h1 style=\"text-align: center;\"><a href=\"https:\/\/rilco.org\/15congreso\/wp-content\/uploads\/2025\/10\/Ligas-para-Congreso.pdf\">LINKS PARA MESAS VIRTUALES S\u00cdNCRONAS Y MESAS PRESENCIALES A TRAV\u00c9S DE GOOGLE MEET<\/a><\/h1>\n<h1 style=\"text-align: center;\"><a href=\"_wp_link_placeholder\" data-wplink-edit=\"true\">DESCARGAR<\/a><\/h1>\n<h1><span style=\"color: #8f8356;\">Fechas importantes:<\/span><\/h1>\n<div class=\"page\" title=\"Page 1\">\n<div class=\"layoutArea\">\n<div class=\"column\">\n<p>Inicio de recepcio\u0301n de resu\u0301menes para ponencias: <strong><span style=\"color: #8f8356;\">01 de abril<\/span><\/strong><br \/>\nLi\u0301mite de envi\u0301o de resu\u0301menes para ponencia: <span style=\"color: #8f8356;\"><strong>30 de junio<\/strong><\/span><br \/>\nEnvi\u0301o de cartas de aprobacio\u0301n de ponencia: <strong><span style=\"color: #8f8356;\">20 de junio al 10 de julio<\/span><\/strong><br \/>\nLi\u0301mite de envi\u0301o de extensos y consentimiento de publicacio\u0301n: <strong><span style=\"color: #8f8356;\">15 de agosto<\/span><\/strong><br \/>\nEnvi\u0301o de cartas de aprobacio\u0301n de publicacio\u0301n: <strong><span style=\"color: #8f8356;\">30 de agosto<\/span><\/strong><br \/>\nLi\u0301mite de pago del congreso (Seccio\u0301n 4 de la convocatoria) <strong><span style=\"color: #8f8356;\">15 de septiembre<\/span><\/strong><br \/>\nFechas del Congreso: <strong><span style=\"color: #8f8356;\">Del 06 al 09 de octubre<\/span><\/strong><\/p>\n<\/div>\n<div class=\"column\"><\/div>\n<\/div>\n<\/div>\n","protected":false},"excerpt":{"rendered":"<p>Programa del EVENTO LINKS PARA MESAS VIRTUALES S\u00cdNCRONAS Y MESAS PRESENCIALES A TRAV\u00c9S DE GOOGLE MEET DESCARGAR Fechas importantes: Inicio de recepcio\u0301n de resu\u0301menes para ponencias: 01 de abril Li\u0301mite de envi\u0301o de resu\u0301menes para ponencia: 30 de junio Envi\u0301o de cartas de aprobacio\u0301n de ponencia: 20 de junio al 10 de julio Li\u0301mite de [&hellip;]<\/p>\n","protected":false},"author":1,"featured_media":0,"parent":0,"menu_order":0,"comment_status":"closed","ping_status":"closed","template":"","meta":{"footnotes":""},"class_list":["post-4428","page","type-page","status-publish","hentry","post"],"_links":{"self":[{"href":"https:\/\/rilco.org\/15congreso\/wp-json\/wp\/v2\/pages\/4428","targetHints":{"allow":["GET"]}}],"collection":[{"href":"https:\/\/rilco.org\/15congreso\/wp-json\/wp\/v2\/pages"}],"about":[{"href":"https:\/\/rilco.org\/15congreso\/wp-json\/wp\/v2\/types\/page"}],"author":[{"embeddable":true,"href":"https:\/\/rilco.org\/15congreso\/wp-json\/wp\/v2\/users\/1"}],"replies":[{"embeddable":true,"href":"https:\/\/rilco.org\/15congreso\/wp-json\/wp\/v2\/comments?post=4428"}],"version-history":[{"count":245,"href":"https:\/\/rilco.org\/15congreso\/wp-json\/wp\/v2\/pages\/4428\/revisions"}],"predecessor-version":[{"id":4880,"href":"https:\/\/rilco.org\/15congreso\/wp-json\/wp\/v2\/pages\/4428\/revisions\/4880"}],"wp:attachment":[{"href":"https:\/\/rilco.org\/15congreso\/wp-json\/wp\/v2\/media?parent=4428"}],"curies":[{"name":"wp","href":"https:\/\/api.w.org\/{rel}","templated":true}]}}